{"id":40372,"date":"2023-12-14T15:23:17","date_gmt":"2023-12-14T14:23:17","guid":{"rendered":"https:\/\/berenicecoulier.com\/?page_id=40372"},"modified":"2024-06-13T17:02:09","modified_gmt":"2024-06-13T15:02:09","slug":"investment","status":"publish","type":"page","link":"https:\/\/berenicecoulier.com\/fr_fr\/investment\/","title":{"rendered":"Offers"},"content":{"rendered":"","protected":false},"excerpt":{"rendered":"","protected":false},"author":1,"featured_media":0,"parent":0,"menu_order":0,"comment_status":"closed","ping_status":"closed","template":"","meta":{"footnotes":""},"class_list":["post-40372","page","type-page","status-publish"],"yoast_head":"<!-- This site is optimized with the Yoast SEO plugin v25.6 - https:\/\/yoast.com\/wordpress\/plugins\/seo\/ -->\n<title>Offers - B\u00e9r\u00e9nice Coulier - Equine photographer<\/title>\n<meta name=\"description\" content=\"Photographe \u00e9questre en Europe, bas\u00e9e en Alsace. Studio, lifestyle, communication d&#039;entreprises. Ensemble, cr\u00e9ons des ouvenirs qui ne s&#039;effaceront jamais.\" \/>\n<meta name=\"robots\" content=\"index, follow, max-snippet:-1, max-image-preview:large, max-video-preview:-1\" \/>\n<link rel=\"canonical\" href=\"https:\/\/berenicecoulier.com\/fr_fr\/investment\/\" \/>\n<meta property=\"og:locale\" content=\"fr_FR\" \/>\n<meta property=\"og:type\" content=\"article\" \/>\n<meta property=\"og:title\" content=\"Offers - B\u00e9r\u00e9nice Coulier - Equine photographer\" \/>\n<meta property=\"og:description\" content=\"Photographe \u00e9questre en Europe, bas\u00e9e en Alsace. Studio, lifestyle, communication d&#039;entreprises. Ensemble, cr\u00e9ons des ouvenirs qui ne s&#039;effaceront jamais.\" \/>\n<meta property=\"og:url\" content=\"https:\/\/berenicecoulier.com\/fr_fr\/investment\/\" \/>\n<meta property=\"og:site_name\" content=\"B\u00e9r\u00e9nice Coulier\" \/>\n<meta property=\"article:publisher\" content=\"https:\/\/www.facebook.com\/berenicecoulier\/\" \/>\n<meta property=\"article:modified_time\" content=\"2024-06-13T15:02:09+00:00\" \/>\n<meta name=\"twitter:card\" content=\"summary_large_image\" \/>\n<meta name=\"twitter:site\" content=\"@berenicecoulier\" \/>\n<script type=\"application\/ld+json\" class=\"yoast-schema-graph\">{\"@context\":\"https:\/\/schema.org\",\"@graph\":[{\"@type\":\"WebPage\",\"@id\":\"https:\/\/berenicecoulier.com\/investment\/\",\"url\":\"https:\/\/berenicecoulier.com\/investment\/\",\"name\":\"Offers - B\u00e9r\u00e9nice Coulier - Equine photographer\",\"isPartOf\":{\"@id\":\"https:\/\/berenicecoulier.com\/#website\"},\"datePublished\":\"2023-12-14T14:23:17+00:00\",\"dateModified\":\"2024-06-13T15:02:09+00:00\",\"description\":\"Photographe \u00e9questre en Europe, bas\u00e9e en Alsace. Studio, lifestyle, communication d'entreprises. Ensemble, cr\u00e9ons des ouvenirs qui ne s'effaceront jamais.\",\"breadcrumb\":{\"@id\":\"https:\/\/berenicecoulier.com\/investment\/#breadcrumb\"},\"inLanguage\":\"fr-FR\",\"potentialAction\":[{\"@type\":\"ReadAction\",\"target\":[\"https:\/\/berenicecoulier.com\/investment\/\"]}]},{\"@type\":\"BreadcrumbList\",\"@id\":\"https:\/\/berenicecoulier.com\/investment\/#breadcrumb\",\"itemListElement\":[{\"@type\":\"ListItem\",\"position\":1,\"name\":\"Home\",\"item\":\"https:\/\/berenicecoulier.com\/\"},{\"@type\":\"ListItem\",\"position\":2,\"name\":\"Offers\"}]},{\"@type\":\"WebSite\",\"@id\":\"https:\/\/berenicecoulier.com\/#website\",\"url\":\"https:\/\/berenicecoulier.com\/\",\"name\":\"B\u00e9r\u00e9nice Coulier\",\"description\":\"Equine photographer\",\"publisher\":{\"@id\":\"https:\/\/berenicecoulier.com\/#organization\"},\"potentialAction\":[{\"@type\":\"SearchAction\",\"target\":{\"@type\":\"EntryPoint\",\"urlTemplate\":\"https:\/\/berenicecoulier.com\/?s={search_term_string}\"},\"query-input\":{\"@type\":\"PropertyValueSpecification\",\"valueRequired\":true,\"valueName\":\"search_term_string\"}}],\"inLanguage\":\"fr-FR\"},{\"@type\":\"Organization\",\"@id\":\"https:\/\/berenicecoulier.com\/#organization\",\"name\":\"B\u00e9r\u00e9nice Coulier\",\"url\":\"https:\/\/berenicecoulier.com\/\",\"logo\":{\"@type\":\"ImageObject\",\"inLanguage\":\"fr-FR\",\"@id\":\"https:\/\/berenicecoulier.com\/#\/schema\/logo\/image\/\",\"url\":\"https:\/\/berenicecoulier.com\/wp-content\/uploads\/2020\/10\/BC_logo.png\",\"contentUrl\":\"https:\/\/berenicecoulier.com\/wp-content\/uploads\/2020\/10\/BC_logo.png\",\"width\":13674,\"height\":16721,\"caption\":\"B\u00e9r\u00e9nice Coulier\"},\"image\":{\"@id\":\"https:\/\/berenicecoulier.com\/#\/schema\/logo\/image\/\"},\"sameAs\":[\"https:\/\/www.facebook.com\/berenicecoulier\/\",\"https:\/\/x.com\/berenicecoulier\",\"https:\/\/www.instagram.com\/berenicecoulier\/\",\"https:\/\/www.linkedin.com\/in\/b\u00e9r\u00e9nice-coulier-92657a188\/?originalSubdomain=fr\",\"https:\/\/www.pinterest.fr\/berenicecoulier\/\"]}]}<\/script>\n<!-- \/ Yoast SEO plugin. -->","yoast_head_json":{"title":"Offers - B\u00e9r\u00e9nice Coulier - Equine photographer","description":"Photographe \u00e9questre en Europe, bas\u00e9e en Alsace. Studio, lifestyle, communication d'entreprises. Ensemble, cr\u00e9ons des ouvenirs qui ne s'effaceront jamais.","robots":{"index":"index","follow":"follow","max-snippet":"max-snippet:-1","max-image-preview":"max-image-preview:large","max-video-preview":"max-video-preview:-1"},"canonical":"https:\/\/berenicecoulier.com\/fr_fr\/investment\/","og_locale":"fr_FR","og_type":"article","og_title":"Offers - B\u00e9r\u00e9nice Coulier - Equine photographer","og_description":"Photographe \u00e9questre en Europe, bas\u00e9e en Alsace. Studio, lifestyle, communication d'entreprises. Ensemble, cr\u00e9ons des ouvenirs qui ne s'effaceront jamais.","og_url":"https:\/\/berenicecoulier.com\/fr_fr\/investment\/","og_site_name":"B\u00e9r\u00e9nice Coulier","article_publisher":"https:\/\/www.facebook.com\/berenicecoulier\/","article_modified_time":"2024-06-13T15:02:09+00:00","twitter_card":"summary_large_image","twitter_site":"@berenicecoulier","schema":{"@context":"https:\/\/schema.org","@graph":[{"@type":"WebPage","@id":"https:\/\/berenicecoulier.com\/investment\/","url":"https:\/\/berenicecoulier.com\/investment\/","name":"Offers - B\u00e9r\u00e9nice Coulier - Equine photographer","isPartOf":{"@id":"https:\/\/berenicecoulier.com\/#website"},"datePublished":"2023-12-14T14:23:17+00:00","dateModified":"2024-06-13T15:02:09+00:00","description":"Photographe \u00e9questre en Europe, bas\u00e9e en Alsace. Studio, lifestyle, communication d'entreprises. Ensemble, cr\u00e9ons des ouvenirs qui ne s'effaceront jamais.","breadcrumb":{"@id":"https:\/\/berenicecoulier.com\/investment\/#breadcrumb"},"inLanguage":"fr-FR","potentialAction":[{"@type":"ReadAction","target":["https:\/\/berenicecoulier.com\/investment\/"]}]},{"@type":"BreadcrumbList","@id":"https:\/\/berenicecoulier.com\/investment\/#breadcrumb","itemListElement":[{"@type":"ListItem","position":1,"name":"Home","item":"https:\/\/berenicecoulier.com\/"},{"@type":"ListItem","position":2,"name":"Offers"}]},{"@type":"WebSite","@id":"https:\/\/berenicecoulier.com\/#website","url":"https:\/\/berenicecoulier.com\/","name":"B\u00e9r\u00e9nice Coulier","description":"Equine photographer","publisher":{"@id":"https:\/\/berenicecoulier.com\/#organization"},"potentialAction":[{"@type":"SearchAction","target":{"@type":"EntryPoint","urlTemplate":"https:\/\/berenicecoulier.com\/?s={search_term_string}"},"query-input":{"@type":"PropertyValueSpecification","valueRequired":true,"valueName":"search_term_string"}}],"inLanguage":"fr-FR"},{"@type":"Organization","@id":"https:\/\/berenicecoulier.com\/#organization","name":"B\u00e9r\u00e9nice Coulier","url":"https:\/\/berenicecoulier.com\/","logo":{"@type":"ImageObject","inLanguage":"fr-FR","@id":"https:\/\/berenicecoulier.com\/#\/schema\/logo\/image\/","url":"https:\/\/berenicecoulier.com\/wp-content\/uploads\/2020\/10\/BC_logo.png","contentUrl":"https:\/\/berenicecoulier.com\/wp-content\/uploads\/2020\/10\/BC_logo.png","width":13674,"height":16721,"caption":"B\u00e9r\u00e9nice Coulier"},"image":{"@id":"https:\/\/berenicecoulier.com\/#\/schema\/logo\/image\/"},"sameAs":["https:\/\/www.facebook.com\/berenicecoulier\/","https:\/\/x.com\/berenicecoulier","https:\/\/www.instagram.com\/berenicecoulier\/","https:\/\/www.linkedin.com\/in\/b\u00e9r\u00e9nice-coulier-92657a188\/?originalSubdomain=fr","https:\/\/www.pinterest.fr\/berenicecoulier\/"]}]}},"_links":{"self":[{"href":"https:\/\/berenicecoulier.com\/fr_fr\/wp-json\/wp\/v2\/pages\/40372"}],"collection":[{"href":"https:\/\/berenicecoulier.com\/fr_fr\/wp-json\/wp\/v2\/pages"}],"about":[{"href":"https:\/\/berenicecoulier.com\/fr_fr\/wp-json\/wp\/v2\/types\/page"}],"author":[{"embeddable":true,"href":"https:\/\/berenicecoulier.com\/fr_fr\/wp-json\/wp\/v2\/users\/1"}],"replies":[{"embeddable":true,"href":"https:\/\/berenicecoulier.com\/fr_fr\/wp-json\/wp\/v2\/comments?post=40372"}],"version-history":[{"count":3,"href":"https:\/\/berenicecoulier.com\/fr_fr\/wp-json\/wp\/v2\/pages\/40372\/revisions"}],"predecessor-version":[{"id":40428,"href":"https:\/\/berenicecoulier.com\/fr_fr\/wp-json\/wp\/v2\/pages\/40372\/revisions\/40428"}],"wp:attachment":[{"href":"https:\/\/berenicecoulier.com\/fr_fr\/wp-json\/wp\/v2\/media?parent=40372"}],"curies":[{"name":"wp","href":"https:\/\/api.w.org\/{rel}","templated":true}]}}